{"id":50,"date":"2020-04-06T16:12:57","date_gmt":"2020-04-06T16:12:57","guid":{"rendered":"https:\/\/easycreditsprl.be\/?page_id=50"},"modified":"2021-03-04T21:24:39","modified_gmt":"2021-03-04T21:24:39","slug":"contact","status":"publish","type":"page","link":"https:\/\/easycredit.full-moon.dev\/easycredit\/contact\/","title":{"rendered":"Contact"},"content":{"rendered":"\t\t<div data-elementor-type=\"wp-page\" data-elementor-id=\"50\" class=\"elementor elementor-50\">\n\t\t\t\t\t\t<section class=\"elementor-section elementor-top-section elementor-element elementor-element-d7af4f9 elementor-section-boxed elementor-section-height-default elementor-section-height-default\" data-id=\"d7af4f9\" data-element_type=\"section\" data-e-type=\"section\">\n\t\t\t\t\t\t<div class=\"elementor-container elementor-column-gap-default\">\n\t\t\t\t\t<div class=\"elementor-column elementor-col-100 elementor-top-column elementor-element elementor-element-5e7ef33\" data-id=\"5e7ef33\" data-element_type=\"column\" data-e-type=\"column\">\n\t\t\t<div class=\"elementor-widget-wrap elementor-element-populated\">\n\t\t\t\t\t\t<div class=\"elementor-element elementor-element-db78c77 elementor-widget elementor-widget-heading\" data-id=\"db78c77\" data-element_type=\"widget\" data-e-type=\"widget\" data-widget_type=\"heading.default\">\n\t\t\t\t<div class=\"elementor-widget-container\">\n\t\t\t\t\t<h2 class=\"elementor-heading-title elementor-size-default\">N'h\u00e9sitez pas \u00e0 nous contacter<\/h2>\t\t\t\t<\/div>\n\t\t\t\t<\/div>\n\t\t\t\t<div class=\"elementor-element elementor-element-04c1f38 elementor-widget elementor-widget-text-editor\" data-id=\"04c1f38\" data-element_type=\"widget\" data-e-type=\"widget\" data-widget_type=\"text-editor.default\">\n\t\t\t\t<div class=\"elementor-widget-container\">\n\t\t\t\t\t\t\t\t\t<p>Dans le domaine complexe des assurances et des cr\u00e9dits, souscrire une <b>assurance <\/b>ou <b>emprunter <\/b>sans les <b>conseils <\/b>d&rsquo;un <b>professionnel <\/b>vous met \u00e0 la merci de d\u00e9ceptions ou de d\u00e9boires financiers.<\/p>\n<p>Lab\u00e9lis\u00e9 <b>BROCOM<\/b>, Easy Credit est en mesure de vous proposer des <b>solutions adapt\u00e9es sur mesure<\/b>&nbsp;<span style=\"background-color: rgba(242, 233, 228, 0); font-size: 1em;\">en mati\u00e8re de <b>cr\u00e9dits<\/b>, d&rsquo;<b>assurances <\/b>et de <b>finances<\/b>.<\/span><\/p><p><span style=\"background-color: rgba(242, 233, 228, 0); font-size: 1em;\"><br><\/span><\/p>\t\t\t\t\t\t\t\t<\/div>\n\t\t\t\t<\/div>\n\t\t\t\t<div class=\"elementor-element elementor-element-fe6a9a7 elementor-widget elementor-widget-shortcode\" data-id=\"fe6a9a7\" data-element_type=\"widget\" data-e-type=\"widget\" data-widget_type=\"shortcode.default\">\n\t\t\t\t<div class=\"elementor-widget-container\">\n\t\t\t\t\t\t\t<div class=\"elementor-shortcode\"><div class=\"forminator-ui forminator-custom-form forminator-custom-form-3469 forminator-design--flat  forminator_ajax\" data-forminator-render=\"0\" data-form=\"forminator-module-3469\" data-uid=\"6a05be94c71fc\"><br\/><\/div><form\n\t\t\t\tid=\"forminator-module-3469\"\n\t\t\t\tclass=\"forminator-ui forminator-custom-form forminator-custom-form-3469 forminator-design--flat  forminator_ajax\"\n\t\t\t\tmethod=\"post\"\n\t\t\t\tdata-forminator-render=\"0\"\n\t\t\t\tdata-form-id=\"3469\"\n\t\t\t\t data-color-option=\"default\" data-design=\"flat\" data-grid=\"open\" style=\"display: none;\"\n\t\t\t\tdata-uid=\"6a05be94c71fc\"\n\t\t\t><div role=\"alert\" aria-live=\"polite\" class=\"forminator-response-message forminator-error\" aria-hidden=\"true\"><\/div><div class=\"forminator-row\"><div id=\"name-2\" class=\"forminator-field-name forminator-col forminator-col-6 \"><div class=\"forminator-field\"><label for=\"forminator-field-name-2_6a05be94c71fc\" id=\"forminator-field-name-2_6a05be94c71fc-label\" class=\"forminator-label\">Nom <span class=\"forminator-required\">*<\/span><\/label><input type=\"text\" name=\"name-2\" value=\"\" placeholder=\"Nom\" id=\"forminator-field-name-2_6a05be94c71fc\" class=\"forminator-input forminator-name--field\" aria-required=\"true\" autocomplete=\"name\" \/><\/div><\/div><div id=\"name-1\" class=\"forminator-field-name forminator-col forminator-col-6 \"><div class=\"forminator-field\"><label for=\"forminator-field-name-1_6a05be94c71fc\" id=\"forminator-field-name-1_6a05be94c71fc-label\" class=\"forminator-label\">Pr\u00e9nom<\/label><input type=\"text\" name=\"name-1\" value=\"\" placeholder=\"Pr\u00e9nom\" id=\"forminator-field-name-1_6a05be94c71fc\" class=\"forminator-input forminator-name--field\" aria-required=\"false\" autocomplete=\"name\" \/><\/div><\/div><\/div><div class=\"forminator-row\"><div id=\"email-1\" class=\"forminator-field-email forminator-col forminator-col-6 \"><div class=\"forminator-field\"><label for=\"forminator-field-email-1_6a05be94c71fc\" id=\"forminator-field-email-1_6a05be94c71fc-label\" class=\"forminator-label\">E-mail <span class=\"forminator-required\">*<\/span><\/label><input type=\"email\" name=\"email-1\" value=\"\" placeholder=\"E-mail\" id=\"forminator-field-email-1_6a05be94c71fc\" class=\"forminator-input forminator-email--field\" data-required=\"true\" aria-required=\"true\" autocomplete=\"email\" \/><\/div><\/div><div id=\"phone-1\" class=\"forminator-field-phone forminator-col forminator-col-6 \"><div class=\"forminator-field\"><label for=\"forminator-field-phone-1_6a05be94c71fc\" id=\"forminator-field-phone-1_6a05be94c71fc-label\" class=\"forminator-label\">T\u00e9l\u00e9phone<\/label><input type=\"text\" name=\"phone-1\" value=\"\" placeholder=\"T\u00e9l\u00e9phone\" id=\"forminator-field-phone-1_6a05be94c71fc\" class=\"forminator-input forminator-field--phone\" data-required=\"\" aria-required=\"false\" autocomplete=\"off\" data-national_mode=\"enabled\" data-country=\"BE\" data-validation=\"standard\" \/><\/div><\/div><\/div><div class=\"forminator-row\"><div id=\"select-1\" class=\"forminator-field-select forminator-col forminator-col-12 \"><div class=\"forminator-field\"><label for=\"forminator-form-3469__field--select-1_6a05be94c71fc\" id=\"forminator-form-3469__field--select-1_6a05be94c71fc-label\" class=\"forminator-label\">Objet de votre demande <span class=\"forminator-required\">*<\/span><\/label><select  id=\"forminator-form-3469__field--select-1_6a05be94c71fc\" class=\"forminator-select--field forminator-select2 forminator-select2-multiple\" data-required=\"1\" name=\"select-1\" data-default-value=\"\" data-placeholder=\"Merci de choisir une option\" data-search=\"false\" data-search-placeholder=\"Merci de choisir une option\" data-checkbox=\"false\" data-allow-clear=\"false\" aria-labelledby=\"forminator-form-3469__field--select-1_6a05be94c71fc-label\"><option value=\"\"  >Merci de choisir une option<\/option><option value=\"assurance\"  data-calculation=\"0\">Assurance<\/option><option value=\"credit\"  data-calculation=\"0\">Cr\u00e9dit<\/option><option value=\"autre\"  data-calculation=\"0\">Autre<\/option><\/select><\/div><\/div><\/div><div class=\"forminator-row\"><div id=\"textarea-1\" class=\"forminator-field-textarea forminator-col forminator-col-12 \"><div class=\"forminator-field\"><textarea name=\"textarea-1\" placeholder=\"Message\" id=\"forminator-field-textarea-1_6a05be94c71fc\" class=\"forminator-textarea\" rows=\"6\" style=\"--forminator-textarea-min-height:140px;\" ><\/textarea><span id=\"forminator-field-textarea-1_6a05be94c71fc-description\" class=\"forminator-description\"><span data-limit=\"200\" data-type=\"words\" data-editor=\"\">0 \/ 200<\/span><\/span><\/div><\/div><\/div><div class=\"forminator-row\"><div id=\"captcha-1\" class=\"forminator-field-captcha forminator-col forminator-col-12 \"><div class=\"forminator-captcha-left forminator-g-recaptcha recaptcha-invisible\" data-theme=\"light\" data-badge=\"inline\" data-sitekey=\"6Lf7sRkaAAAAAI1SNqTSMsUmdTprmeB8InJ3oZ7K\" data-size=\"invisible\"><\/div> <\/div><\/div><div class=\"forminator-row\"><div id=\"gdprcheckbox-1\" class=\"forminator-field-gdprcheckbox forminator-col forminator-col-12 \"><div class=\"forminator-field\"><label for=\"forminator-field-gdprcheckbox-1_6a05be94c71fc\" id=\"forminator-field-gdprcheckbox-1_6a05be94c71fc-label\" class=\"forminator-label\">GDPR <span class=\"forminator-required\">*<\/span><\/label><label for=\"forminator-field-gdprcheckbox-1_6a05be94c71fc\" class=\"forminator-checkbox\"><input type=\"checkbox\" name=\"gdprcheckbox-1\" value=\"true\" id=\"forminator-field-gdprcheckbox-1_6a05be94c71fc\" data-required=\"true\" aria-required=\"true\" \/><span class=\"forminator-checkbox-box\" aria-hidden=\"true\"><\/span><span class=\"forminator-checkbox-label\"><p>J'accepte que mes informations personnelles soient trait\u00e9es par le bureau Easy Credit SPRL (conform\u00e9ment \u00e0 sa politique de gestion des donn\u00e9es \u00e0 caract\u00e8re personnel)<\/p><\/span><\/label><\/div><\/div><\/div><input type=\"hidden\" name=\"referer_url\" value=\"\" \/><div class=\"forminator-row forminator-row-last\"><div class=\"forminator-col\"><div class=\"forminator-field\"><button class=\"forminator-button forminator-button-submit\">Envoyer le message<\/button><\/div><\/div><\/div><input type=\"hidden\" id=\"forminator_nonce\" name=\"forminator_nonce\" value=\"6e45c067c5\" \/><input type=\"hidden\" name=\"_wp_http_referer\" value=\"\/easycredit\/wp-json\/wp\/v2\/pages\/50\" \/><input type=\"hidden\" name=\"form_id\" value=\"3469\"><input type=\"hidden\" name=\"page_id\" value=\"50\"><input type=\"hidden\" name=\"form_type\" value=\"default\"><input type=\"hidden\" name=\"current_url\" value=\"https:\/\/easycredit.full-moon.dev\/easycredit\/contact\/\"><input type=\"hidden\" name=\"render_id\" value=\"0\"><input type=\"hidden\" name=\"action\" value=\"forminator_submit_form_custom-forms\"><label for=\"input_8\" class=\"forminator-hidden\" aria-hidden=\"true\">Veuillez ne pas remplir ce champ. <input id=\"input_8\" type=\"text\" name=\"input_8\" value=\"\" autocomplete=\"off\"><\/label><\/form><\/div>\n\t\t\t\t\t\t<\/div>\n\t\t\t\t<\/div>\n\t\t\t\t\t<\/div>\n\t\t<\/div>\n\t\t\t\t\t<\/div>\n\t\t<\/section>\n\t\t\t\t<section class=\"elementor-section elementor-top-section elementor-element elementor-element-41bd6bd elementor-section-boxed elementor-section-height-default elementor-section-height-default\" data-id=\"41bd6bd\" data-element_type=\"section\" data-e-type=\"section\">\n\t\t\t\t\t\t<div class=\"elementor-container elementor-column-gap-default\">\n\t\t\t\t\t<div class=\"elementor-column elementor-col-100 elementor-top-column elementor-element elementor-element-5d16825\" data-id=\"5d16825\" data-element_type=\"column\" data-e-type=\"column\">\n\t\t\t<div class=\"elementor-widget-wrap elementor-element-populated\">\n\t\t\t\t\t\t<div class=\"elementor-element elementor-element-a375197 elementor-widget elementor-widget-google_maps\" data-id=\"a375197\" data-element_type=\"widget\" data-e-type=\"widget\" data-widget_type=\"google_maps.default\">\n\t\t\t\t<div class=\"elementor-widget-container\">\n\t\t\t\t\t\t\t<div class=\"elementor-custom-embed\">\n\t\t\t<iframe loading=\"lazy\"\n\t\t\t\t\tsrc=\"https:\/\/maps.google.com\/maps?q=Avenue%20de%20Koekelberg%2089%20Avenue%20de%20Koekelberg%2089%2C%201082%20Berchem-Sainte-Agathe&#038;t=m&#038;z=12&#038;output=embed&#038;iwloc=near\"\n\t\t\t\t\ttitle=\"Avenue de Koekelberg 89 Avenue de Koekelberg 89, 1082 Berchem-Sainte-Agathe\"\n\t\t\t\t\taria-label=\"Avenue de Koekelberg 89 Avenue de Koekelberg 89, 1082 Berchem-Sainte-Agathe\"\n\t\t\t><\/iframe>\n\t\t<\/div>\n\t\t\t\t\t\t<\/div>\n\t\t\t\t<\/div>\n\t\t\t\t\t<\/div>\n\t\t<\/div>\n\t\t\t\t\t<\/div>\n\t\t<\/section>\n\t\t\t\t<\/div>\n\t\t","protected":false},"excerpt":{"rendered":"<p>N&rsquo;h\u00e9sitez pas \u00e0 nous contacter Dans le domaine complexe des assurances et des cr\u00e9dits, souscrire une assurance ou emprunter sans les conseils d&rsquo;un professionnel vous met \u00e0 la merci de d\u00e9ceptions ou de d\u00e9boires financiers. Lab\u00e9lis\u00e9 BROCOM, Easy Credit est en mesure de vous proposer des solutions adapt\u00e9es sur mesure&nbsp;en mati\u00e8re de cr\u00e9dits, d&rsquo;assurances et&#8230;<\/p>\n","protected":false},"author":1,"featured_media":0,"parent":0,"menu_order":0,"comment_status":"closed","ping_status":"closed","template":"","meta":{"_kad_post_transparent":"","_kad_post_title":"hide","_kad_post_layout":"fullwidth","_kad_post_sidebar_id":"","_kad_post_content_style":"unboxed","_kad_post_vertical_padding":"hide","_kad_post_feature":"hide","_kad_post_feature_position":"","_kad_post_header":false,"_kad_post_footer":false,"footnotes":""},"class_list":["post-50","page","type-page","status-publish","hentry"],"_links":{"self":[{"href":"https:\/\/easycredit.full-moon.dev\/easycredit\/wp-json\/wp\/v2\/pages\/50","targetHints":{"allow":["GET"]}}],"collection":[{"href":"https:\/\/easycredit.full-moon.dev\/easycredit\/wp-json\/wp\/v2\/pages"}],"about":[{"href":"https:\/\/easycredit.full-moon.dev\/easycredit\/wp-json\/wp\/v2\/types\/page"}],"author":[{"embeddable":true,"href":"https:\/\/easycredit.full-moon.dev\/easycredit\/wp-json\/wp\/v2\/users\/1"}],"replies":[{"embeddable":true,"href":"https:\/\/easycredit.full-moon.dev\/easycredit\/wp-json\/wp\/v2\/comments?post=50"}],"version-history":[{"count":0,"href":"https:\/\/easycredit.full-moon.dev\/easycredit\/wp-json\/wp\/v2\/pages\/50\/revisions"}],"wp:attachment":[{"href":"https:\/\/easycredit.full-moon.dev\/easycredit\/wp-json\/wp\/v2\/media?parent=50"}],"curies":[{"name":"wp","href":"https:\/\/api.w.org\/{rel}","templated":true}]}}